{"id":146,"date":"2017-06-01T22:38:31","date_gmt":"2017-06-01T22:38:31","guid":{"rendered":"http:\/\/metalurgicabrunos.com.br\/site\/?page_id=146"},"modified":"2019-06-25T01:23:38","modified_gmt":"2019-06-25T01:23:38","slug":"a-empresa","status":"publish","type":"page","link":"https:\/\/metalurgicabrunos.com.br\/site\/a-empresa\/","title":{"rendered":"A Empresa"},"content":{"rendered":"<p>[et_pb_section bb_built=&#8221;1&#8243; fullwidth=&#8221;on&#8221; _builder_version=&#8221;3.0.92&#8243; background_image=&#8221;https:\/\/metalurgicabrunos.com.br\/site\/wp-content\/uploads\/2019\/05\/bg_metal_preto.jpg&#8221; background_position=&#8221;top_center&#8221; custom_padding=&#8221;|||&#8221;][et_pb_fullwidth_header title=&#8221;A Empresa&#8221; background_layout=&#8221;dark&#8221; text_orientation=&#8221;center&#8221; scroll_down_icon_size=&#8221;50&#8243; _builder_version=&#8221;3.0.47&#8243; title_font=&#8221;|on|||&#8221; title_font_size=&#8221;54&#8243; title_font_size_tablet=&#8221;30&#8243; content_font_size=&#8221;14&#8243; subhead_font_size=&#8221;18&#8243; \/][\/et_pb_section][et_pb_section bb_built=&#8221;1&#8243; admin_label=&#8221;section&#8221; _builder_version=&#8221;3.0.92&#8243;][et_pb_row admin_label=&#8221;row&#8221; _builder_version=&#8221;3.0.47&#8243; background_size=&#8221;initial&#8221; background_position=&#8221;top_left&#8221; background_repeat=&#8221;repeat&#8221;][et_pb_column type=&#8221;1_2&#8243;][et_pb_image src=&#8221;https:\/\/metalurgicabrunos.com.br\/site\/wp-content\/uploads\/2019\/05\/maquina.png&#8221; _builder_version=&#8221;3.0.92&#8243; border_color_all=&#8221;#086e56&#8243; animation_style=&#8221;slide&#8221; animation_direction=&#8221;left&#8221; animation_duration=&#8221;500ms&#8221; animation_intensity_slide=&#8221;10%&#8221; use_border_color=&#8221;off&#8221; show_in_lightbox=&#8221;off&#8221; url_new_window=&#8221;off&#8221; use_overlay=&#8221;off&#8221; always_center_on_mobile=&#8221;on&#8221; force_fullwidth=&#8221;off&#8221; show_bottom_space=&#8221;on&#8221; \/][\/et_pb_column][et_pb_column type=&#8221;1_2&#8243;][et_pb_text _builder_version=&#8221;3.0.92&#8243; text_font_size=&#8221;16&#8243; background_size=&#8221;initial&#8221; background_position=&#8221;top_left&#8221; background_repeat=&#8221;repeat&#8221; text_orientation=&#8221;justified&#8221; use_border_color=&#8221;off&#8221; background_layout=&#8221;light&#8221;]<\/p>\n<p>Especializada no corte, dobra e solda, a Metal\u00fargica Brunos oferece servi\u00e7os de corte laser, dobra e soldagem de alum\u00ednio, inox e a\u00e7o com espessuras de 0,9mm a 16mm. Atrav\u00e9s de muita tecnologia e m\u00e3o de obra altamente qualificada nos processos produtivos, a empresa tem capacidade de atender os mais diversos segmentos do mercado.<\/p>\n<p>[\/et_pb_text][\/et_pb_column][\/et_pb_row][\/et_pb_section][et_pb_section bb_built=&#8221;1&#8243; _builder_version=&#8221;3.0.92&#8243; custom_padding=&#8221;5px|||&#8221;][et_pb_row _builder_version=&#8221;3.0.47&#8243; background_size=&#8221;initial&#8221; background_position=&#8221;top_left&#8221; background_repeat=&#8221;repeat&#8221;][et_pb_column type=&#8221;4_4&#8243;][et_pb_gallery gallery_ids=&#8221;446,445,444,561&#8243; gallery_captions=&#8221;,,&#8221; show_title_and_caption=&#8221;off&#8221; show_pagination=&#8221;off&#8221; _builder_version=&#8221;3.0.92&#8243; use_border_color=&#8221;off&#8221; fullwidth=&#8221;off&#8221; orientation=&#8221;landscape&#8221; zoom_icon_color=&#8221;#2ea3f2&#8243; hover_overlay_color=&#8221;rgba(255,255,255,0.9)&#8221; background_layout=&#8221;light&#8221; pagination_font_size_tablet=&#8221;51&#8243; pagination_line_height_tablet=&#8221;2&#8243; \/][\/et_pb_column][\/et_pb_row][\/et_pb_section]<\/p>\n","protected":false},"excerpt":{"rendered":"<p>Especializada no corte, dobra e solda, a Metal\u00fargica Brunos oferece servi\u00e7os de corte laser, dobra e soldagem de alum\u00ednio, inox e a\u00e7o com espessuras de 0,9mm a 16mm. Atrav\u00e9s de muita tecnologia e m\u00e3o de obra altamente qualificada nos processos produtivos, a empresa tem capacidade de atender os mais diversos segmentos do mercado.<\/p>\n","protected":false},"author":1,"featured_media":0,"parent":0,"menu_order":0,"comment_status":"closed","ping_status":"closed","template":"","meta":{"_et_pb_use_builder":"on","_et_pb_old_content":"","_et_gb_content_width":"","footnotes":""},"class_list":["post-146","page","type-page","status-publish","hentry"],"_links":{"self":[{"href":"https:\/\/metalurgicabrunos.com.br\/site\/wp-json\/wp\/v2\/pages\/146"}],"collection":[{"href":"https:\/\/metalurgicabrunos.com.br\/site\/wp-json\/wp\/v2\/pages"}],"about":[{"href":"https:\/\/metalurgicabrunos.com.br\/site\/wp-json\/wp\/v2\/types\/page"}],"author":[{"embeddable":true,"href":"https:\/\/metalurgicabrunos.com.br\/site\/wp-json\/wp\/v2\/users\/1"}],"replies":[{"embeddable":true,"href":"https:\/\/metalurgicabrunos.com.br\/site\/wp-json\/wp\/v2\/comments?post=146"}],"version-history":[{"count":22,"href":"https:\/\/metalurgicabrunos.com.br\/site\/wp-json\/wp\/v2\/pages\/146\/revisions"}],"predecessor-version":[{"id":562,"href":"https:\/\/metalurgicabrunos.com.br\/site\/wp-json\/wp\/v2\/pages\/146\/revisions\/562"}],"wp:attachment":[{"href":"https:\/\/metalurgicabrunos.com.br\/site\/wp-json\/wp\/v2\/media?parent=146"}],"curies":[{"name":"wp","href":"https:\/\/api.w.org\/{rel}","templated":true}]}}