{"id":355,"date":"2019-05-25T03:40:52","date_gmt":"2019-05-25T03:40:52","guid":{"rendered":"http:\/\/metalurgicabrunos.com.br\/site\/?page_id=355"},"modified":"2021-07-07T22:32:59","modified_gmt":"2021-07-07T22:32:59","slug":"responsabilidadesocial","status":"publish","type":"page","link":"https:\/\/metalurgicabrunos.com.br\/site\/responsabilidadesocial\/","title":{"rendered":"Responsabilidade Social"},"content":{"rendered":"<p>[et_pb_section bb_built=&#8221;1&#8243; fullwidth=&#8221;on&#8221; _builder_version=&#8221;3.0.92&#8243; background_image=&#8221;http:\/\/metalurgicabrunos.com.br\/site\/wp-content\/uploads\/2019\/05\/bg_metal_preto.jpg&#8221; background_position=&#8221;top_center&#8221; custom_padding=&#8221;|||&#8221;][et_pb_fullwidth_header title=&#8221;Responsabilidade Social&#8221; background_layout=&#8221;dark&#8221; text_orientation=&#8221;center&#8221; scroll_down_icon_size=&#8221;50&#8243; _builder_version=&#8221;3.0.92&#8243; title_font=&#8221;|700|||||||&#8221; title_font_size=&#8221;54&#8243; title_font_size_tablet=&#8221;30&#8243; title_font_size_phone=&#8221;40px&#8221; title_font_size_last_edited=&#8221;on|desktop&#8221; content_font_size=&#8221;14&#8243; subhead_font_size=&#8221;18&#8243; \/][\/et_pb_section][et_pb_section bb_built=&#8221;1&#8243; admin_label=&#8221;section&#8221; _builder_version=&#8221;3.0.92&#8243; background_image=&#8221;http:\/\/metalurgicabrunos.com.br\/site\/wp-content\/uploads\/2019\/05\/white-curves-on-grey-background-bright-abstract-wallpaper.jpg&#8221;][et_pb_row admin_label=&#8221;row&#8221; custom_padding=&#8221;27px|0px|113px|0px&#8221; _builder_version=&#8221;3.0.47&#8243; background_size=&#8221;initial&#8221; background_position=&#8221;top_left&#8221; background_repeat=&#8221;repeat&#8221;][et_pb_column type=&#8221;1_2&#8243;][et_pb_image src=&#8221;https:\/\/metalurgicabrunos.com.br\/site\/wp-content\/uploads\/2019\/06\/eco.png&#8221; _builder_version=&#8221;3.0.92&#8243; border_radii=&#8221;on|10px|10px|10px|10px&#8221; \/][\/et_pb_column][et_pb_column type=&#8221;1_2&#8243;][et_pb_text _builder_version=&#8221;3.0.92&#8243; text_font=&#8221;||||||||&#8221; text_font_size=&#8221;26px&#8221; text_letter_spacing=&#8221;0&#8243; text_line_height=&#8221;1.7&#8243; header_font_size=&#8221;30&#8243; header_letter_spacing=&#8221;0&#8243; header_line_height=&#8221;1&#8243; background_size=&#8221;initial&#8221; background_position=&#8221;top_left&#8221; background_repeat=&#8221;repeat&#8221; text_orientation=&#8221;justified&#8221; use_border_color=&#8221;off&#8221; border_color=&#8221;#ffffff&#8221; border_width=&#8221;1&#8243; border_style=&#8221;solid&#8221;] <strong>Pol\u00edtica Ambiental<\/strong><br \/>\n[\/et_pb_text][et_pb_text _builder_version=&#8221;3.0.47&#8243; text_font_size=&#8221;16&#8243; text_letter_spacing=&#8221;0&#8243; text_line_height=&#8221;1.7&#8243; header_font_size=&#8221;30&#8243; header_letter_spacing=&#8221;0&#8243; header_line_height=&#8221;1&#8243; background_size=&#8221;initial&#8221; background_position=&#8221;top_left&#8221; background_repeat=&#8221;repeat&#8221; text_orientation=&#8221;justified&#8221; use_border_color=&#8221;off&#8221; border_color=&#8221;#ffffff&#8221; border_width=&#8221;1&#8243; border_style=&#8221;solid&#8221;]<\/p>\n<p style=\"text-align: justify;\">Estabelecemos conceitos e responsabilidades referentes as atividades de Gest\u00e3o Ambiental.Promovendo melhoria continua dos produtos e processos e servi\u00e7os , visando a qualidade ambiental.<\/p>\n<p>[\/et_pb_text][et_pb_text _builder_version=&#8221;3.0.92&#8243; text_font=&#8221;||||||||&#8221; text_font_size=&#8221;26px&#8221; text_letter_spacing=&#8221;0&#8243; text_line_height=&#8221;1.7&#8243; header_font_size=&#8221;30&#8243; header_letter_spacing=&#8221;0&#8243; header_line_height=&#8221;1&#8243; background_size=&#8221;initial&#8221; background_position=&#8221;top_left&#8221; background_repeat=&#8221;repeat&#8221; text_orientation=&#8221;justified&#8221; use_border_color=&#8221;off&#8221; border_color=&#8221;#ffffff&#8221; border_width=&#8221;1&#8243; border_style=&#8221;solid&#8221;] <strong>Conscientiza\u00e7\u00e3o Ambiental <\/strong><br \/>\n[\/et_pb_text][et_pb_text _builder_version=&#8221;3.0.47&#8243; text_font_size=&#8221;16&#8243; text_letter_spacing=&#8221;0&#8243; text_line_height=&#8221;1.7&#8243; header_font_size=&#8221;30&#8243; header_letter_spacing=&#8221;0&#8243; header_line_height=&#8221;1&#8243; background_size=&#8221;initial&#8221; background_position=&#8221;top_left&#8221; background_repeat=&#8221;repeat&#8221; text_orientation=&#8221;justified&#8221; use_border_color=&#8221;off&#8221; border_color=&#8221;#ffffff&#8221; border_width=&#8221;1&#8243; border_style=&#8221;solid&#8221;]<\/p>\n<p style=\"text-align: justify;\">Asseguraramos que nossos colaboradores e parceiros estejam informados, capacitados e conscientizados, motivando-os a assumir uma postura adequada para evitar e atuar em situa\u00e7\u00f5es de potenciais impactos ambientais. As lideran\u00e7as das empresas s\u00e3o respons\u00e1veis por implementar, divulgar e fazer cumprir esta Pol\u00edtica, bem como garantir a estrutura para o estabelecimento e an\u00e1lise dos objetivos e metas de meio ambiente.<\/p>\n<p>[\/et_pb_text][et_pb_text _builder_version=&#8221;3.0.92&#8243; text_font=&#8221;||||||||&#8221; text_font_size=&#8221;26px&#8221; text_letter_spacing=&#8221;0&#8243; text_line_height=&#8221;1.7&#8243; header_font_size=&#8221;30&#8243; header_letter_spacing=&#8221;0&#8243; header_line_height=&#8221;1&#8243; background_size=&#8221;initial&#8221; background_position=&#8221;top_left&#8221; background_repeat=&#8221;repeat&#8221; text_orientation=&#8221;justified&#8221; use_border_color=&#8221;off&#8221; border_color=&#8221;#ffffff&#8221; border_width=&#8221;1&#8243; border_style=&#8221;solid&#8221;] <strong>Pol\u00edtica de Qualidade<\/strong><br \/>\n[\/et_pb_text][et_pb_text _builder_version=&#8221;3.0.47&#8243; text_font_size=&#8221;16&#8243; text_letter_spacing=&#8221;0&#8243; text_line_height=&#8221;1.7&#8243; header_font_size=&#8221;30&#8243; header_letter_spacing=&#8221;0&#8243; header_line_height=&#8221;1&#8243; background_size=&#8221;initial&#8221; background_position=&#8221;top_left&#8221; background_repeat=&#8221;repeat&#8221; text_orientation=&#8221;justified&#8221; use_border_color=&#8221;off&#8221; border_color=&#8221;#ffffff&#8221; border_width=&#8221;1&#8243; border_style=&#8221;solid&#8221;]<\/p>\n<p style=\"text-align: justify;\">\u201cAtuamos no mercado de (PRFV) Pl\u00e1stico Refor\u00e7ado com Fibra de Vidro melhorando continuamente nossos processos e produtos, conquistando a satisfa\u00e7\u00e3o dos clientes atrav\u00e9s da qualidade garantida;\u00a0 e\u00a0 preocupando se com meio ambiente e colaboradores.\u201d<\/p>\n<p>[\/et_pb_text][\/et_pb_column][\/et_pb_row][et_pb_row custom_padding=&#8221;27px|0px|80px|0px&#8221; _builder_version=&#8221;3.0.92&#8243;][et_pb_column type=&#8221;4_4&#8243;][et_pb_image src=&#8221;https:\/\/metalurgicabrunos.com.br\/site\/wp-content\/uploads\/2019\/06\/selo_ISO_9001.png&#8221; _builder_version=&#8221;3.0.92&#8243; max_width=&#8221;200px&#8221; module_alignment=&#8221;center&#8221; \/][et_pb_button button_url=&#8221;https:\/\/metalurgicabrunos.com.br\/site\/wp-content\/uploads\/2021\/07\/Cert-ISO-9001-2015_portugues_01-04-2021_metalurgica.pdf&#8221; url_new_window=&#8221;on&#8221; button_text=&#8221;BAIXAR CERTIFICADO&#8221; _builder_version=&#8221;3.0.92&#8243; background_layout=&#8221;dark&#8221; button_alignment=&#8221;center&#8221; custom_button=&#8221;on&#8221; button_bg_color=&#8221;#0c71c3&#8243; button_icon=&#8221;%%1%%&#8221; button_on_hover=&#8221;off&#8221; button_icon_placement=&#8221;right&#8221; \/][\/et_pb_column][\/et_pb_row][\/et_pb_section]<\/p>\n","protected":false},"excerpt":{"rendered":"<p>Pol\u00edtica Ambiental Estabelecemos conceitos e responsabilidades referentes as atividades de Gest\u00e3o Ambiental.Promovendo melhoria continua dos produtos e processos e servi\u00e7os , visando a qualidade ambiental. Conscientiza\u00e7\u00e3o Ambiental Asseguraramos que nossos colaboradores e parceiros estejam informados, capacitados e conscientizados, motivando-os a assumir uma postura adequada para evitar e atuar em situa\u00e7\u00f5es de potenciais impactos ambientais. As [&hellip;]<\/p>\n","protected":false},"author":1,"featured_media":0,"parent":0,"menu_order":0,"comment_status":"closed","ping_status":"closed","template":"","meta":{"_et_pb_use_builder":"on","_et_pb_old_content":"","_et_gb_content_width":"","footnotes":""},"class_list":["post-355","page","type-page","status-publish","hentry"],"_links":{"self":[{"href":"https:\/\/metalurgicabrunos.com.br\/site\/wp-json\/wp\/v2\/pages\/355"}],"collection":[{"href":"https:\/\/metalurgicabrunos.com.br\/site\/wp-json\/wp\/v2\/pages"}],"about":[{"href":"https:\/\/metalurgicabrunos.com.br\/site\/wp-json\/wp\/v2\/types\/page"}],"author":[{"embeddable":true,"href":"https:\/\/metalurgicabrunos.com.br\/site\/wp-json\/wp\/v2\/users\/1"}],"replies":[{"embeddable":true,"href":"https:\/\/metalurgicabrunos.com.br\/site\/wp-json\/wp\/v2\/comments?post=355"}],"version-history":[{"count":12,"href":"https:\/\/metalurgicabrunos.com.br\/site\/wp-json\/wp\/v2\/pages\/355\/revisions"}],"predecessor-version":[{"id":693,"href":"https:\/\/metalurgicabrunos.com.br\/site\/wp-json\/wp\/v2\/pages\/355\/revisions\/693"}],"wp:attachment":[{"href":"https:\/\/metalurgicabrunos.com.br\/site\/wp-json\/wp\/v2\/media?parent=355"}],"curies":[{"name":"wp","href":"https:\/\/api.w.org\/{rel}","templated":true}]}}