{"id":359,"date":"2019-05-25T03:58:08","date_gmt":"2019-05-25T03:58:08","guid":{"rendered":"http:\/\/metalurgicabrunos.com.br\/site\/?page_id=359"},"modified":"2019-06-25T01:10:24","modified_gmt":"2019-06-25T01:10:24","slug":"processos","status":"publish","type":"page","link":"https:\/\/metalurgicabrunos.com.br\/site\/processos\/","title":{"rendered":"Processos"},"content":{"rendered":"<p>[et_pb_section fb_built=&#8221;1&#8243; fullwidth=&#8221;on&#8221; _builder_version=&#8221;3.0.92&#8243; background_image=&#8221;http:\/\/metalurgicabrunos.com.br\/site\/wp-content\/uploads\/2019\/05\/bg_metal_preto.jpg&#8221; background_position=&#8221;top_center&#8221; custom_padding=&#8221;|||&#8221;][et_pb_fullwidth_header title=&#8221;Processos&#8221; background_layout=&#8221;dark&#8221; text_orientation=&#8221;center&#8221; scroll_down_icon_size=&#8221;50&#8243; _builder_version=&#8221;3.0.47&#8243; title_font=&#8221;|on|||&#8221; title_font_size=&#8221;54&#8243; title_font_size_tablet=&#8221;30&#8243; content_font_size=&#8221;14&#8243; subhead_font_size=&#8221;18&#8243;][\/et_pb_fullwidth_header][\/et_pb_section][et_pb_section fb_built=&#8221;1&#8243; admin_label=&#8221;section&#8221; _builder_version=&#8221;3.0.92&#8243; background_image=&#8221;http:\/\/metalurgicabrunos.com.br\/site\/wp-content\/uploads\/2019\/05\/white-curves-on-grey-background-bright-abstract-wallpaper.jpg&#8221;][et_pb_row custom_padding=&#8221;27px|0px|25px|0px&#8221; admin_label=&#8221;row&#8221; _builder_version=&#8221;3.0.47&#8243; background_size=&#8221;initial&#8221; background_position=&#8221;top_left&#8221; background_repeat=&#8221;repeat&#8221;][et_pb_column type=&#8221;4_4&#8243; _builder_version=&#8221;3.0.47&#8243; parallax=&#8221;off&#8221; parallax_method=&#8221;on&#8221;][et_pb_text admin_label=&#8221;Texto&#8221; _builder_version=&#8221;3.0.47&#8243; text_font_size=&#8221;16&#8243; text_letter_spacing=&#8221;0&#8243; text_line_height=&#8221;1.7&#8243; header_font_size=&#8221;30&#8243; header_letter_spacing=&#8221;0&#8243; header_line_height=&#8221;1&#8243; background_size=&#8221;initial&#8221; background_position=&#8221;top_left&#8221; background_repeat=&#8221;repeat&#8221; text_orientation=&#8221;justified&#8221; use_border_color=&#8221;off&#8221; border_color=&#8221;#ffffff&#8221; border_width=&#8221;1&#8243; border_style=&#8221;solid&#8221;]<\/p>\n<p style=\"text-align: justify;\">Estabelecemos conceitos e responsabilidades referentes as atividades de Gest\u00e3o Ambiental. Promovendo melhoria continua dos produtos e processos e servi\u00e7os , visando a qualidade ambiental.<\/p>\n<p>[\/et_pb_text][\/et_pb_column][\/et_pb_row][et_pb_row _builder_version=&#8221;3.0.92&#8243;][et_pb_column type=&#8221;1_2&#8243; _builder_version=&#8221;3.0.92&#8243; parallax=&#8221;off&#8221; parallax_method=&#8221;on&#8221;][et_pb_text _builder_version=&#8221;3.0.92&#8243; text_font=&#8221;|800|||||||&#8221; text_font_size=&#8221;24px&#8221;]<\/p>\n<p>Corte a Laser<\/p>\n<p>[\/et_pb_text][et_pb_image src=&#8221;https:\/\/metalurgicabrunos.com.br\/site\/wp-content\/uploads\/2019\/05\/foto01.jpg&#8221; _builder_version=&#8221;3.0.92&#8243; border_width_all=&#8221;9px&#8221; border_color_all=&#8221;#ffffff&#8221; border_radii=&#8221;on|10px|10px|10px|10px&#8221;][\/et_pb_image][et_pb_text _builder_version=&#8221;3.0.92&#8243;]<\/p>\n<p>Proporcionando precis\u00e3o, qualidade e rapidez na entrega, o corte a laser \u00e9 usado em materiais met\u00e1licos como chapas de a\u00e7o e chapas inox. Atendendo as mais variadas especifica\u00e7\u00f5es de corte e fura\u00e7\u00e3o, garantindo \u00f3timo padr\u00e3o da qualidade dimensional e acabamento superficial. A principal vantagem consiste no corte espec\u00edfico que auxilia no desenvolvimento de pe\u00e7as com formatos variados.<\/p>\n<p>[\/et_pb_text][\/et_pb_column][et_pb_column type=&#8221;1_2&#8243; _builder_version=&#8221;3.0.92&#8243; parallax=&#8221;off&#8221; parallax_method=&#8221;on&#8221;][et_pb_text _builder_version=&#8221;3.0.92&#8243; text_font=&#8221;|800|||||||&#8221; text_font_size=&#8221;24px&#8221;]<\/p>\n<p>Solda<\/p>\n<p>[\/et_pb_text][et_pb_image src=&#8221;https:\/\/metalurgicabrunos.com.br\/site\/wp-content\/uploads\/2019\/05\/foto02.jpg&#8221; _builder_version=&#8221;3.0.92&#8243; border_width_all=&#8221;9px&#8221; border_color_all=&#8221;#ffffff&#8221; border_radii=&#8221;on|10px|10px|10px|10px&#8221;][\/et_pb_image][et_pb_text _builder_version=&#8221;3.0.92&#8243;]<\/p>\n<p>Atrav\u00e9s da efici\u00eancia do nosso quadro de soldadores e de equipamentos com tecnologia avan\u00e7ada, garantimos ao produto final excelente qualidade de solda, cumprindo os padr\u00f5es de soldagem.<\/p>\n<p>[\/et_pb_text][\/et_pb_column][\/et_pb_row][et_pb_row _builder_version=&#8221;3.0.92&#8243;][et_pb_column type=&#8221;1_2&#8243; _builder_version=&#8221;3.0.92&#8243; parallax=&#8221;off&#8221; parallax_method=&#8221;on&#8221;][et_pb_text _builder_version=&#8221;3.0.92&#8243; text_font=&#8221;|800|||||||&#8221; text_font_size=&#8221;24px&#8221;]<\/p>\n<p>Dobra<\/p>\n<p>[\/et_pb_text][et_pb_image src=&#8221;https:\/\/metalurgicabrunos.com.br\/site\/wp-content\/uploads\/2019\/05\/foto03.jpg&#8221; _builder_version=&#8221;3.0.92&#8243; border_width_all=&#8221;9px&#8221; border_color_all=&#8221;#ffffff&#8221; border_radii=&#8221;on|10px|10px|10px|10px&#8221;][\/et_pb_image][et_pb_text _builder_version=&#8221;3.0.92&#8243;]<\/p>\n<p style=\"text-align: justify;\">A dobra de chapas de a\u00e7o consiste na moldagem destas em diferentes tamanhos e angula\u00e7\u00f5es, realizamos qualquer tipo de dobra, em diferentes angula\u00e7\u00f5es atrav\u00e9s de dobradeiras hidr\u00e1ulicas.<\/p>\n<p>[\/et_pb_text][\/et_pb_column][et_pb_column type=&#8221;1_2&#8243; _builder_version=&#8221;3.0.92&#8243; parallax=&#8221;off&#8221; parallax_method=&#8221;on&#8221;][et_pb_text _builder_version=&#8221;3.0.92&#8243; text_font=&#8221;|800|||||||&#8221; text_font_size=&#8221;24px&#8221;]<\/p>\n<p>Usinagem<\/p>\n<p>[\/et_pb_text][et_pb_image src=&#8221;https:\/\/metalurgicabrunos.com.br\/site\/wp-content\/uploads\/2019\/05\/maquina.png&#8221; _builder_version=&#8221;3.0.92&#8243; border_width_all=&#8221;9px&#8221; border_color_all=&#8221;#ffffff&#8221; border_radii=&#8221;on|10px|10px|10px|10px&#8221;][\/et_pb_image][\/et_pb_column][\/et_pb_row][et_pb_row custom_padding=&#8221;98px|0px|80px|0px&#8221; _builder_version=&#8221;3.0.92&#8243;][et_pb_column type=&#8221;4_4&#8243; _builder_version=&#8221;3.0.92&#8243; parallax=&#8221;off&#8221; parallax_method=&#8221;on&#8221;][et_pb_image src=&#8221;https:\/\/metalurgicabrunos.com.br\/site\/wp-content\/uploads\/2019\/06\/selo_ISO_9001.png&#8221; _builder_version=&#8221;3.0.92&#8243; max_width=&#8221;200px&#8221; module_alignment=&#8221;center&#8221;][\/et_pb_image][\/et_pb_column][\/et_pb_row][\/et_pb_section]<\/p>\n","protected":false},"excerpt":{"rendered":"<p>Estabelecemos conceitos e responsabilidades referentes as atividades de Gest\u00e3o Ambiental. Promovendo melhoria continua dos produtos e processos e servi\u00e7os , visando a qualidade ambiental. Corte a LaserProporcionando precis\u00e3o, qualidade e rapidez na entrega, o corte a laser \u00e9 usado em materiais met\u00e1licos como chapas de a\u00e7o e chapas inox. Atendendo as mais variadas especifica\u00e7\u00f5es de [&hellip;]<\/p>\n","protected":false},"author":1,"featured_media":0,"parent":0,"menu_order":0,"comment_status":"closed","ping_status":"closed","template":"","meta":{"_et_pb_use_builder":"on","_et_pb_old_content":"","_et_gb_content_width":"","footnotes":""},"class_list":["post-359","page","type-page","status-publish","hentry"],"_links":{"self":[{"href":"https:\/\/metalurgicabrunos.com.br\/site\/wp-json\/wp\/v2\/pages\/359"}],"collection":[{"href":"https:\/\/metalurgicabrunos.com.br\/site\/wp-json\/wp\/v2\/pages"}],"about":[{"href":"https:\/\/metalurgicabrunos.com.br\/site\/wp-json\/wp\/v2\/types\/page"}],"author":[{"embeddable":true,"href":"https:\/\/metalurgicabrunos.com.br\/site\/wp-json\/wp\/v2\/users\/1"}],"replies":[{"embeddable":true,"href":"https:\/\/metalurgicabrunos.com.br\/site\/wp-json\/wp\/v2\/comments?post=359"}],"version-history":[{"count":8,"href":"https:\/\/metalurgicabrunos.com.br\/site\/wp-json\/wp\/v2\/pages\/359\/revisions"}],"predecessor-version":[{"id":557,"href":"https:\/\/metalurgicabrunos.com.br\/site\/wp-json\/wp\/v2\/pages\/359\/revisions\/557"}],"wp:attachment":[{"href":"https:\/\/metalurgicabrunos.com.br\/site\/wp-json\/wp\/v2\/media?parent=359"}],"curies":[{"name":"wp","href":"https:\/\/api.w.org\/{rel}","templated":true}]}}